{"id":2589,"date":"2022-03-29T11:46:18","date_gmt":"2022-03-29T10:46:18","guid":{"rendered":"https:\/\/www.globalspedition.com\/cisternas-autoaspirantes\/"},"modified":"2022-07-22T08:05:16","modified_gmt":"2022-07-22T07:05:16","slug":"citernes-auto-aspirantes","status":"publish","type":"page","link":"https:\/\/www.globalspedition.com\/fr\/citernes-auto-aspirantes\/","title":{"rendered":"Citernes auto-aspirantes"},"content":{"rendered":"<p>[et_pb_section fb_built=\u00a0\u00bb1&Prime; fullwidth=\u00a0\u00bbon\u00a0\u00bb _builder_version=\u00a0\u00bb4.16&Prime; _module_preset=\u00a0\u00bbdefault\u00a0\u00bb custom_margin_tablet=\u00a0\u00bb12em||||false|false\u00a0\u00bb custom_margin_phone=\u00a0\u00bb9em||||false|false\u00a0\u00bb custom_margin_last_edited=\u00a0\u00bbon|tablet\u00a0\u00bb global_colors_info=\u00a0\u00bb{}\u00a0\u00bb][et_pb_fullwidth_image src=\u00a0\u00bbhttps:\/\/www.globalspedition.com\/wp-content\/uploads\/2022\/04\/global-spedition-cisternas-autoaspirantes-cabecera-01.jpg\u00a0\u00bb alt=\u00a0\u00bbglobal spedition\u00a0\u00bb title_text=\u00a0\u00bbglobal-spedition-cisternas-autoaspirantes-cabecera-01&Prime; _builder_version=\u00a0\u00bb4.16.0&Prime; _module_preset=\u00a0\u00bbdefault\u00a0\u00bb global_colors_info=\u00a0\u00bb{}\u00a0\u00bb][\/et_pb_fullwidth_image][\/et_pb_section][et_pb_section fb_built=\u00a0\u00bb1&Prime; _builder_version=\u00a0\u00bb4.16&Prime; _module_preset=\u00a0\u00bbdefault\u00a0\u00bb global_colors_info=\u00a0\u00bb{}\u00a0\u00bb][et_pb_row _builder_version=\u00a0\u00bb4.16&Prime; _module_preset=\u00a0\u00bbdefault\u00a0\u00bb custom_margin=\u00a0\u00bb||0px||false|false\u00a0\u00bb custom_padding=\u00a0\u00bb||0px||false|false\u00a0\u00bb global_colors_info=\u00a0\u00bb{}\u00a0\u00bb][et_pb_column type=\u00a0\u00bb4_4&Prime; _builder_version=\u00a0\u00bb4.16&Prime; _module_preset=\u00a0\u00bbdefault\u00a0\u00bb global_colors_info=\u00a0\u00bb{}\u00a0\u00bb][et_pb_text _builder_version=\u00a0\u00bb4.17.4&Prime; _module_preset=\u00a0\u00bbdefault\u00a0\u00bb text_text_color=\u00a0\u00bb#000000&Prime; header_font=\u00a0\u00bbPoppins|600|||on|on||#a22c43|\u00a0\u00bb header_text_align=\u00a0\u00bbcenter\u00a0\u00bb header_text_color=\u00a0\u00bb#222221&Prime; header_font_size=\u00a0\u00bb28px\u00a0\u00bb header_line_height=\u00a0\u00bb1.2em\u00a0\u00bb custom_margin=\u00a0\u00bb||0px||false|false\u00a0\u00bb custom_padding=\u00a0\u00bb||0px||false|false\u00a0\u00bb global_colors_info=\u00a0\u00bb{}\u00a0\u00bb custom_css_before__hover_enabled=\u00a0\u00bboff|desktop\u00a0\u00bb custom_css_before_last_edited=\u00a0\u00bbon|phone\u00a0\u00bb custom_css_before_phone=\u00a0\u00bbdisplay:none;\u00a0\u00bb custom_css_after_last_edited=\u00a0\u00bbon|phone\u00a0\u00bb custom_css_after_phone=\u00a0\u00bbdisplay:none;\u00a0\u00bb]<\/p>\n<h1>Citernes auto-aspirantes<\/h1>\n<p>[\/et_pb_text][\/et_pb_column][\/et_pb_row][et_pb_row _builder_version=\u00a0\u00bb4.16&Prime; _module_preset=\u00a0\u00bbdefault\u00a0\u00bb global_colors_info=\u00a0\u00bb{}\u00a0\u00bb][et_pb_column type=\u00a0\u00bb4_4&Prime; _builder_version=\u00a0\u00bb4.16&Prime; _module_preset=\u00a0\u00bbdefault\u00a0\u00bb global_colors_info=\u00a0\u00bb{}\u00a0\u00bb][et_pb_text _builder_version=\u00a0\u00bb4.17.4&Prime; _module_preset=\u00a0\u00bbdefault\u00a0\u00bb text_font=\u00a0\u00bbPoppins|300|||||||\u00a0\u00bb text_text_color=\u00a0\u00bb#222221&Prime; text_font_size=\u00a0\u00bb15px\u00a0\u00bb background_enable_color=\u00a0\u00bboff\u00a0\u00bb text_orientation=\u00a0\u00bbjustified\u00a0\u00bb custom_margin=\u00a0\u00bb||||false|false\u00a0\u00bb custom_padding=\u00a0\u00bb||||false|false\u00a0\u00bb border_color_all=\u00a0\u00bb#5ebbb3&Prime; global_colors_info=\u00a0\u00bb{}\u00a0\u00bb]<\/p>\n<p><strong>Global <span style=\"color: #a22c43;\">Spedition <\/span><\/strong>dispose d\u2019une flotte moderne constamment <strong>renouvel\u00e9e<\/strong> et \u00e9quip\u00e9e de technologies de pointe. Son objectif est de garantir un service <strong>efficient<\/strong> et<strong> performant<\/strong>, conform\u00e9ment \u00e0 l\u2019engagement ferme de la compagnie envers le respect des normes de <strong>qualit\u00e9<\/strong>, <strong>d\u2019environnement<\/strong> et de <strong>s\u00e9curit\u00e9<\/strong> les plus \u00e9lev\u00e9es.<\/p>\n<p>[\/et_pb_text][\/et_pb_column][\/et_pb_row][\/et_pb_section][et_pb_section fb_built=\u00a0\u00bb1&Prime; _builder_version=\u00a0\u00bb4.16&Prime; _module_preset=\u00a0\u00bbdefault\u00a0\u00bb background_color=\u00a0\u00bb#f4f4f4&Prime; use_background_color_gradient=\u00a0\u00bbon\u00a0\u00bb background_color_gradient_direction=\u00a0\u00bb173deg\u00a0\u00bb background_color_gradient_stops=\u00a0\u00bbrgba(244,244,244,0.85) 0%|rgba(244,244,244,0.85) 100%\u00a0\u00bb background_color_gradient_overlays_image=\u00a0\u00bbon\u00a0\u00bb background_color_gradient_start=\u00a0\u00bbrgba(244,244,244,0.85)\u00a0\u00bb background_color_gradient_end=\u00a0\u00bbrgba(244,244,244,0.85)\u00a0\u00bb background_enable_image=\u00a0\u00bboff\u00a0\u00bb background_size=\u00a0\u00bbinitial\u00a0\u00bb global_colors_info=\u00a0\u00bb{}\u00a0\u00bb][et_pb_row _builder_version=\u00a0\u00bb4.16&Prime; _module_preset=\u00a0\u00bbdefault\u00a0\u00bb custom_margin=\u00a0\u00bb||||false|false\u00a0\u00bb custom_padding=\u00a0\u00bb||||false|false\u00a0\u00bb global_colors_info=\u00a0\u00bb{}\u00a0\u00bb][et_pb_column type=\u00a0\u00bb4_4&Prime; _builder_version=\u00a0\u00bb4.16&Prime; _module_preset=\u00a0\u00bbdefault\u00a0\u00bb global_colors_info=\u00a0\u00bb{}\u00a0\u00bb][et_pb_text _builder_version=\u00a0\u00bb4.17.4&Prime; _module_preset=\u00a0\u00bbdefault\u00a0\u00bb text_font=\u00a0\u00bbPoppins|300|||||||\u00a0\u00bb text_text_color=\u00a0\u00bb#222221&Prime; text_font_size=\u00a0\u00bb15px\u00a0\u00bb background_enable_color=\u00a0\u00bboff\u00a0\u00bb text_orientation=\u00a0\u00bbjustified\u00a0\u00bb custom_margin=\u00a0\u00bb1.5em||||false|false\u00a0\u00bb custom_padding=\u00a0\u00bb||||false|false\u00a0\u00bb custom_padding_tablet=\u00a0\u00bb|0px|||false|false\u00a0\u00bb custom_padding_phone=\u00a0\u00bb|0em|||false|false\u00a0\u00bb custom_padding_last_edited=\u00a0\u00bbon|phone\u00a0\u00bb border_color_all=\u00a0\u00bb#5ebbb3&Prime; global_colors_info=\u00a0\u00bb{}\u00a0\u00bb]<\/p>\n<p><strong>Global <span style=\"color: #a22c43;\">Spedition<\/span><\/strong>\u00a0poss\u00e8de des citernes auto-aspirantes pour r\u00e9aliser des services particuliers comme la <strong>r\u00e9cup\u00e9ration de marchandises<\/strong>\u00a0provenant de silos contamin\u00e9s, de v\u00e9hicules endommag\u00e9s ou accident\u00e9s, en situation d&rsquo;urgence, de d\u00e9versements, etc. <strong>Global <span style=\"color: #a22c43;\">Spedition <\/span><\/strong>est ainsi en mesure d&rsquo;offrir un service complet et int\u00e9gral \u00e0 ses clients face \u00e0 tout impr\u00e9vu pouvant les affecter. \u00a0<\/p>\n<p>[\/et_pb_text][\/et_pb_column][\/et_pb_row][\/et_pb_section][et_pb_section fb_built=\u00a0\u00bb1&Prime; _builder_version=\u00a0\u00bb4.16&Prime; _module_preset=\u00a0\u00bbdefault\u00a0\u00bb global_colors_info=\u00a0\u00bb{}\u00a0\u00bb][et_pb_row _builder_version=\u00a0\u00bb4.16&Prime; _module_preset=\u00a0\u00bbdefault\u00a0\u00bb custom_margin=\u00a0\u00bb||0px||false|false\u00a0\u00bb custom_padding=\u00a0\u00bb||0px||false|false\u00a0\u00bb global_colors_info=\u00a0\u00bb{}\u00a0\u00bb][et_pb_column type=\u00a0\u00bb4_4&Prime; _builder_version=\u00a0\u00bb4.16&Prime; _module_preset=\u00a0\u00bbdefault\u00a0\u00bb global_colors_info=\u00a0\u00bb{}\u00a0\u00bb][et_pb_text _builder_version=\u00a0\u00bb4.17.4&Prime; _module_preset=\u00a0\u00bbdefault\u00a0\u00bb text_text_color=\u00a0\u00bb#222221&Prime; header_font=\u00a0\u00bbPoppins|600||on|||||\u00a0\u00bb header_text_align=\u00a0\u00bbcenter\u00a0\u00bb header_text_color=\u00a0\u00bb#000000&Prime; header_font_size=\u00a0\u00bb28px\u00a0\u00bb header_2_font=\u00a0\u00bbPoppins|600|||on|on||#a22c43|\u00a0\u00bb header_2_text_align=\u00a0\u00bbcenter\u00a0\u00bb header_2_text_color=\u00a0\u00bb#222221&Prime; header_2_font_size=\u00a0\u00bb28px\u00a0\u00bb header_2_line_height=\u00a0\u00bb1.2em\u00a0\u00bb custom_margin=\u00a0\u00bb||0px||false|false\u00a0\u00bb custom_padding=\u00a0\u00bb||0px||false|false\u00a0\u00bb global_colors_info=\u00a0\u00bb{}\u00a0\u00bb custom_css_before_last_edited=\u00a0\u00bbon|phone\u00a0\u00bb custom_css_before_phone=\u00a0\u00bbdisplay:none;\u00a0\u00bb custom_css_after_last_edited=\u00a0\u00bbon|phone\u00a0\u00bb custom_css_after_phone=\u00a0\u00bbdisplay:none;\u00a0\u00bb]<\/p>\n<h2>Service de haute qualit\u00e9<\/h2>\n<p>[\/et_pb_text][\/et_pb_column][\/et_pb_row][et_pb_row column_structure=\u00a0\u00bb1_2,1_2&Prime; make_equal=\u00a0\u00bbon\u00a0\u00bb _builder_version=\u00a0\u00bb4.16.0&Prime; _module_preset=\u00a0\u00bbdefault\u00a0\u00bb global_colors_info=\u00a0\u00bb{}\u00a0\u00bb][et_pb_column type=\u00a0\u00bb1_2&Prime; _builder_version=\u00a0\u00bb4.16&Prime; _module_preset=\u00a0\u00bbdefault\u00a0\u00bb global_colors_info=\u00a0\u00bb{}\u00a0\u00bb][et_pb_image src=\u00a0\u00bbhttps:\/\/www.globalspedition.com\/wp-content\/uploads\/2022\/03\/global-spedition-autoaspirantes-01.jpg\u00a0\u00bb alt=\u00a0\u00bbsimulador global spedition\u00a0\u00bb title_text=\u00a0\u00bbglobal-spedition-autoaspirantes-01&Prime; align=\u00a0\u00bbcenter\u00a0\u00bb _builder_version=\u00a0\u00bb4.16.0&Prime; _module_preset=\u00a0\u00bbdefault\u00a0\u00bb global_colors_info=\u00a0\u00bb{}\u00a0\u00bb][\/et_pb_image][\/et_pb_column][et_pb_column type=\u00a0\u00bb1_2&Prime; _builder_version=\u00a0\u00bb4.16.0&Prime; _module_preset=\u00a0\u00bbdefault\u00a0\u00bb custom_padding=\u00a0\u00bb||||false|false\u00a0\u00bb border_width_left=\u00a0\u00bb2px\u00a0\u00bb border_color_left=\u00a0\u00bb#a22c43&Prime; border_width_left_tablet=\u00a0\u00bb0px\u00a0\u00bb border_width_left_phone=\u00a0\u00bb0px\u00a0\u00bb border_width_left_last_edited=\u00a0\u00bbon|phone\u00a0\u00bb global_colors_info=\u00a0\u00bb{}\u00a0\u00bb][et_pb_text _builder_version=\u00a0\u00bb4.17.4&Prime; _module_preset=\u00a0\u00bbdefault\u00a0\u00bb text_font=\u00a0\u00bbPoppins|300|||||||\u00a0\u00bb text_text_color=\u00a0\u00bb#222221&Prime; text_font_size=\u00a0\u00bb15px\u00a0\u00bb background_enable_color=\u00a0\u00bboff\u00a0\u00bb text_orientation=\u00a0\u00bbjustified\u00a0\u00bb custom_margin=\u00a0\u00bb0.5em||||false|false\u00a0\u00bb custom_padding=\u00a0\u00bb|||3em|false|false\u00a0\u00bb custom_padding_tablet=\u00a0\u00bb|||0em|false|false\u00a0\u00bb custom_padding_phone=\u00a0\u00bb|||0em|false|false\u00a0\u00bb custom_padding_last_edited=\u00a0\u00bbon|phone\u00a0\u00bb border_color_all=\u00a0\u00bb#5ebbb3&Prime; global_colors_info=\u00a0\u00bb{}\u00a0\u00bb]<\/p>\n<p>Le renouvellement constant du mat\u00e9riel de <strong>Global <span style=\"color: #a22c43;\">Spedition <\/span><\/strong>consiste en premier lieu dans le remplacement de ses tracteurs tous les trois ans. Conform\u00e9ment \u00e0 l\u2019engagement de la soci\u00e9t\u00e9 envers la pr\u00e9servation de l\u2019environnement, ses tracteurs sont \u00e9quip\u00e9s de moteurs de derni\u00e8re g\u00e9n\u00e9ration, qui polluent peu et contribuent \u00e0 r\u00e9duire <strong>l\u2019empreinte carbone<\/strong>.<\/p>\n<p>[\/et_pb_text][et_pb_text _builder_version=\u00a0\u00bb4.17.4&Prime; _module_preset=\u00a0\u00bbdefault\u00a0\u00bb text_font=\u00a0\u00bbPoppins|300|||||||\u00a0\u00bb text_text_color=\u00a0\u00bb#222221&Prime; text_font_size=\u00a0\u00bb15px\u00a0\u00bb background_enable_color=\u00a0\u00bboff\u00a0\u00bb text_orientation=\u00a0\u00bbjustified\u00a0\u00bb custom_margin=\u00a0\u00bb||||false|false\u00a0\u00bb custom_padding=\u00a0\u00bb|||3em|false|false\u00a0\u00bb custom_padding_tablet=\u00a0\u00bb|||0em|false|false\u00a0\u00bb custom_padding_phone=\u00a0\u00bb|||0em|false|false\u00a0\u00bb custom_padding_last_edited=\u00a0\u00bbon|phone\u00a0\u00bb border_color_all=\u00a0\u00bb#5ebbb3&Prime; global_colors_info=\u00a0\u00bb{}\u00a0\u00bb]<\/p>\n<p>Par ailleurs, aussi bien les citernes que les accessoires utilis\u00e9s pour le d\u00e9chargement sont soumis \u00e0 des plans sp\u00e9cifiques de maintenance pr\u00e9ventive. Pour cela, ces \u00e9quipements sont aussi renouvel\u00e9s constamment afin de garantir leur bon \u00e9tat et de permettre \u00e0 <strong>Global <span style=\"color: #a22c43;\">Spedition <\/span><\/strong>d&rsquo;accomplir son engagement d\u2019offrir un service excellent.<\/p>\n<p>[\/et_pb_text][\/et_pb_column][\/et_pb_row][et_pb_row column_structure=\u00a0\u00bb1_2,1_2&Prime; make_equal=\u00a0\u00bbon\u00a0\u00bb _builder_version=\u00a0\u00bb4.16.0&Prime; _module_preset=\u00a0\u00bbdefault\u00a0\u00bb global_colors_info=\u00a0\u00bb{}\u00a0\u00bb][et_pb_column type=\u00a0\u00bb1_2&Prime; _builder_version=\u00a0\u00bb4.16.0&Prime; _module_preset=\u00a0\u00bbdefault\u00a0\u00bb custom_padding=\u00a0\u00bb||||false|false\u00a0\u00bb border_width_right=\u00a0\u00bb2px\u00a0\u00bb border_color_right=\u00a0\u00bb#a22c43&Prime; border_color_left=\u00a0\u00bb#a22c43&Prime; border_width_right_tablet=\u00a0\u00bb0px\u00a0\u00bb border_width_right_phone=\u00a0\u00bb0px\u00a0\u00bb border_width_right_last_edited=\u00a0\u00bbon|phone\u00a0\u00bb global_colors_info=\u00a0\u00bb{}\u00a0\u00bb][et_pb_text _builder_version=\u00a0\u00bb4.17.4&Prime; _module_preset=\u00a0\u00bbdefault\u00a0\u00bb text_font=\u00a0\u00bbPoppins|300|||||||\u00a0\u00bb text_text_color=\u00a0\u00bb#222221&Prime; text_font_size=\u00a0\u00bb15px\u00a0\u00bb background_enable_color=\u00a0\u00bboff\u00a0\u00bb text_orientation=\u00a0\u00bbjustified\u00a0\u00bb custom_margin=\u00a0\u00bb2em||||false|false\u00a0\u00bb custom_margin_tablet=\u00a0\u00bb0em||||false|false\u00a0\u00bb custom_margin_phone=\u00a0\u00bb0em||||false|false\u00a0\u00bb custom_margin_last_edited=\u00a0\u00bbon|tablet\u00a0\u00bb custom_padding=\u00a0\u00bb|3em|||false|false\u00a0\u00bb custom_padding_tablet=\u00a0\u00bb|0em|||false|false\u00a0\u00bb custom_padding_phone=\u00a0\u00bb|0em|||false|false\u00a0\u00bb custom_padding_last_edited=\u00a0\u00bbon|phone\u00a0\u00bb border_color_all=\u00a0\u00bb#5ebbb3&Prime; global_colors_info=\u00a0\u00bb{}\u00a0\u00bb]<\/p>\n<p>\u00c0 cela s\u2019ajoute le leadership de la soci\u00e9t\u00e9 dans le domaine des communications. Gr\u00e2ce \u00e0 son pari sur la technologie,  <strong>Global <span style=\"color: #a22c43;\">Spedition<\/span><\/strong> est en mesure d&rsquo;effectuer le suivi et le contr\u00f4le de la marchandise par satellite. Ainsi, il est possible de d\u00e9terminer la tra\u00e7abilit\u00e9 des processus et de maintenir continuellement le client inform\u00e9 sur l\u2019\u00e9tat du service command\u00e9. D&rsquo;autre part, savoir en <strong>temps r\u00e9el<\/strong> chaque actualisation de notre travail nous permet de modifier la route au besoin et de prendre les d\u00e9cisions efficaces qui affectent directement l\u2019efficience de  <strong>Global <span style=\"color: #a22c43;\">Spedition <\/span><\/strong>\u00e0 l\u2019heure d\u2019offrir ses services au client.<\/p>\n<p>[\/et_pb_text][\/et_pb_column][et_pb_column type=\u00a0\u00bb1_2&Prime; _builder_version=\u00a0\u00bb4.16&Prime; _module_preset=\u00a0\u00bbdefault\u00a0\u00bb global_colors_info=\u00a0\u00bb{}\u00a0\u00bb][et_pb_image src=\u00a0\u00bbhttps:\/\/www.globalspedition.com\/wp-content\/uploads\/2022\/04\/global-spedition-autoaspirantes-03.jpg\u00a0\u00bb alt=\u00a0\u00bbsimulador global spedition\u00a0\u00bb title_text=\u00a0\u00bbglobal-spedition-autoaspirantes-03&Prime; align=\u00a0\u00bbcenter\u00a0\u00bb _builder_version=\u00a0\u00bb4.16.0&Prime; _module_preset=\u00a0\u00bbdefault\u00a0\u00bb global_colors_info=\u00a0\u00bb{}\u00a0\u00bb][\/et_pb_image][\/et_pb_column][\/et_pb_row][et_pb_row disabled_on=\u00a0\u00bbon|on|off\u00a0\u00bb _builder_version=\u00a0\u00bb4.16.0&Prime; _module_preset=\u00a0\u00bbdefault\u00a0\u00bb global_colors_info=\u00a0\u00bb{}\u00a0\u00bb][et_pb_column type=\u00a0\u00bb4_4&Prime; _builder_version=\u00a0\u00bb4.16&Prime; _module_preset=\u00a0\u00bbdefault\u00a0\u00bb global_colors_info=\u00a0\u00bb{}\u00a0\u00bb][\/et_pb_column][\/et_pb_row][\/et_pb_section]<\/p>\n","protected":false},"excerpt":{"rendered":"<p>Citernes auto-aspirantesGlobal Spedition dispose d\u2019une flotte moderne constamment renouvel\u00e9e et \u00e9quip\u00e9e de technologies de pointe. Son objectif est de garantir un service efficient et performant, conform\u00e9ment \u00e0 l\u2019engagement ferme de la compagnie envers le respect des normes de qualit\u00e9, d\u2019environnement et de s\u00e9curit\u00e9 les plus \u00e9lev\u00e9es.Global Spedition\u00a0poss\u00e8de des citernes auto-aspirantes pour r\u00e9aliser des services particuliers [&hellip;]<\/p>\n","protected":false},"author":1,"featured_media":0,"parent":0,"menu_order":0,"comment_status":"closed","ping_status":"closed","template":"","meta":{"_et_pb_use_builder":"on","_et_pb_old_content":"","_et_gb_content_width":"","_monsterinsights_skip_tracking":false,"_monsterinsights_sitenote_active":false,"_monsterinsights_sitenote_note":"","_monsterinsights_sitenote_category":0,"footnotes":""},"class_list":["post-2589","page","type-page","status-publish","hentry"],"_links":{"self":[{"href":"https:\/\/www.globalspedition.com\/fr\/wp-json\/wp\/v2\/pages\/2589","targetHints":{"allow":["GET"]}}],"collection":[{"href":"https:\/\/www.globalspedition.com\/fr\/wp-json\/wp\/v2\/pages"}],"about":[{"href":"https:\/\/www.globalspedition.com\/fr\/wp-json\/wp\/v2\/types\/page"}],"author":[{"embeddable":true,"href":"https:\/\/www.globalspedition.com\/fr\/wp-json\/wp\/v2\/users\/1"}],"replies":[{"embeddable":true,"href":"https:\/\/www.globalspedition.com\/fr\/wp-json\/wp\/v2\/comments?post=2589"}],"version-history":[{"count":10,"href":"https:\/\/www.globalspedition.com\/fr\/wp-json\/wp\/v2\/pages\/2589\/revisions"}],"predecessor-version":[{"id":3441,"href":"https:\/\/www.globalspedition.com\/fr\/wp-json\/wp\/v2\/pages\/2589\/revisions\/3441"}],"wp:attachment":[{"href":"https:\/\/www.globalspedition.com\/fr\/wp-json\/wp\/v2\/media?parent=2589"}],"curies":[{"name":"wp","href":"https:\/\/api.w.org\/{rel}","templated":true}]}}