{"id":2572,"date":"2022-03-29T11:20:23","date_gmt":"2022-03-29T10:20:23","guid":{"rendered":"https:\/\/www.globalspedition.com\/cisternas-liquidos\/"},"modified":"2022-07-22T08:24:35","modified_gmt":"2022-07-22T07:24:35","slug":"tankwagen-fuer-fluessigkeiten","status":"publish","type":"page","link":"https:\/\/www.globalspedition.com\/de\/tankwagen-fuer-fluessigkeiten\/","title":{"rendered":"Tankwagen f\u00fcr Fl\u00fcssigkeiten"},"content":{"rendered":"<p>[et_pb_section fb_built=&#8220;1&#8243; fullwidth=&#8220;on&#8220; _builder_version=&#8220;4.16&#8243; _module_preset=&#8220;default&#8220; custom_margin_tablet=&#8220;12em||||false|false&#8220; custom_margin_phone=&#8220;9em||||false|false&#8220; custom_margin_last_edited=&#8220;on|tablet&#8220; global_colors_info=&#8220;{}&#8220;][et_pb_fullwidth_image src=&#8220;https:\/\/www.globalspedition.com\/wp-content\/uploads\/2022\/04\/global-spedition-cisternas-liquidos-cabecera-01.jpg&#8220; alt=&#8220;global spedition&#8220; title_text=&#8220;global-spedition-cisternas-liquidos-cabecera-01&#8243; _builder_version=&#8220;4.16.0&#8243; _module_preset=&#8220;default&#8220; global_colors_info=&#8220;{}&#8220;][\/et_pb_fullwidth_image][\/et_pb_section][et_pb_section fb_built=&#8220;1&#8243; _builder_version=&#8220;4.16&#8243; _module_preset=&#8220;default&#8220; global_colors_info=&#8220;{}&#8220;][et_pb_row _builder_version=&#8220;4.16&#8243; _module_preset=&#8220;default&#8220; custom_margin=&#8220;||0px||false|false&#8220; custom_padding=&#8220;||0px||false|false&#8220; global_colors_info=&#8220;{}&#8220;][et_pb_column type=&#8220;4_4&#8243; _builder_version=&#8220;4.16&#8243; _module_preset=&#8220;default&#8220; global_colors_info=&#8220;{}&#8220;][et_pb_text _builder_version=&#8220;4.17.4&#8243; _module_preset=&#8220;default&#8220; text_text_color=&#8220;#000000&#8243; header_font=&#8220;Poppins|600|||on|on||#a22c43|&#8220; header_text_align=&#8220;center&#8220; header_text_color=&#8220;#222221&#8243; header_font_size=&#8220;28px&#8220; header_line_height=&#8220;1.2em&#8220; custom_margin=&#8220;||0px||false|false&#8220; custom_padding=&#8220;||0px||false|false&#8220; global_colors_info=&#8220;{}&#8220; custom_css_before__hover_enabled=&#8220;off|desktop&#8220; custom_css_before_last_edited=&#8220;on|phone&#8220; custom_css_before_phone=&#8220;display:none;&#8220; custom_css_after_last_edited=&#8220;on|phone&#8220; custom_css_after_phone=&#8220;display:none;&#8220;]<\/p>\n<h1>ATP-Tankwagen f\u00fcr Fl\u00fcssigkeiten<\/h1>\n<p>[\/et_pb_text][\/et_pb_column][\/et_pb_row][et_pb_row _builder_version=&#8220;4.16&#8243; _module_preset=&#8220;default&#8220; global_colors_info=&#8220;{}&#8220;][et_pb_column type=&#8220;4_4&#8243; _builder_version=&#8220;4.16&#8243; _module_preset=&#8220;default&#8220; global_colors_info=&#8220;{}&#8220;][et_pb_text _builder_version=&#8220;4.17.4&#8243; _module_preset=&#8220;default&#8220; text_font=&#8220;Poppins|300|||||||&#8220; text_text_color=&#8220;#222221&#8243; text_font_size=&#8220;15px&#8220; background_enable_color=&#8220;off&#8220; text_orientation=&#8220;justified&#8220; custom_margin=&#8220;||||false|false&#8220; custom_padding=&#8220;||||false|false&#8220; border_color_all=&#8220;#5ebbb3&#8243; global_colors_info=&#8220;{}&#8220;]<\/p>\n<p><strong>Global <span style=\"color: #a22c43;\">Spedition<\/span><\/strong> verf\u00fcgt \u00fcber eine moderne Fahrzeugflotte, die best\u00e4ndig\u00a0<strong>erneuert <\/strong>wird und mit der\u00a0<strong>neuesten<\/strong>\u00a0Technologie ausgestattet ist. Ziel ist es, einen\u00a0<strong>effizienten<\/strong>\u00a0und\u00a0<strong>effektiven <\/strong>Service zu gew\u00e4hrleisten, der im Einklang mit dem festen Willen des Unternehmens steht, h\u00f6chste\u00a0<strong>Qualit\u00e4ts-<\/strong>,\u00a0<strong>Umwelt-<\/strong>\u00a0und\u00a0<strong>Sicherheitsstandards <\/strong>zu erf\u00fcllen.<\/p>\n<p>[\/et_pb_text][\/et_pb_column][\/et_pb_row][\/et_pb_section][et_pb_section fb_built=&#8220;1&#8243; _builder_version=&#8220;4.16&#8243; _module_preset=&#8220;default&#8220; background_color=&#8220;#f4f4f4&#8243; use_background_color_gradient=&#8220;on&#8220; background_color_gradient_direction=&#8220;173deg&#8220; background_color_gradient_stops=&#8220;rgba(244,244,244,0.85) 0%|rgba(244,244,244,0.85) 100%&#8220; background_color_gradient_overlays_image=&#8220;on&#8220; background_color_gradient_start=&#8220;rgba(244,244,244,0.85)&#8220; background_color_gradient_end=&#8220;rgba(244,244,244,0.85)&#8220; background_enable_image=&#8220;off&#8220; background_size=&#8220;initial&#8220; global_colors_info=&#8220;{}&#8220;][et_pb_row column_structure=&#8220;1_2,1_2&#8243; make_equal=&#8220;on&#8220; _builder_version=&#8220;4.16.0&#8243; _module_preset=&#8220;default&#8220; global_colors_info=&#8220;{}&#8220;][et_pb_column type=&#8220;1_2&#8243; _builder_version=&#8220;4.16&#8243; _module_preset=&#8220;default&#8220; global_colors_info=&#8220;{}&#8220;][et_pb_image src=&#8220;https:\/\/www.globalspedition.com\/wp-content\/uploads\/2022\/04\/global-spedition-cisternas-liquidos-08.jpg&#8220; alt=&#8220;simulador global spedition&#8220; title_text=&#8220;global-spedition-cisternas-liquidos-08&#8243; align=&#8220;center&#8220; _builder_version=&#8220;4.16.0&#8243; _module_preset=&#8220;default&#8220; custom_margin=&#8220;2.9em||||false|false&#8220; global_colors_info=&#8220;{}&#8220;][\/et_pb_image][\/et_pb_column][et_pb_column type=&#8220;1_2&#8243; _builder_version=&#8220;4.16.0&#8243; _module_preset=&#8220;default&#8220; custom_padding=&#8220;||||false|false&#8220; border_width_left=&#8220;2px&#8220; border_color_left=&#8220;#a22c43&#8243; border_width_left_tablet=&#8220;0px&#8220; border_width_left_phone=&#8220;0px&#8220; border_width_left_last_edited=&#8220;on|phone&#8220; global_colors_info=&#8220;{}&#8220;][et_pb_text _builder_version=&#8220;4.17.4&#8243; _module_preset=&#8220;default&#8220; text_font=&#8220;Poppins|300|||||||&#8220; text_text_color=&#8220;#222221&#8243; text_font_size=&#8220;15px&#8220; background_enable_color=&#8220;off&#8220; text_orientation=&#8220;justified&#8220; custom_margin=&#8220;||||false|false&#8220; custom_margin_tablet=&#8220;1.5em||||false|false&#8220; custom_margin_phone=&#8220;0em||||false|false&#8220; custom_margin_last_edited=&#8220;on|phone&#8220; custom_padding=&#8220;|||3em|false|false&#8220; custom_padding_tablet=&#8220;|0px||0em|false|false&#8220; custom_padding_phone=&#8220;|0em|||false|false&#8220; custom_padding_last_edited=&#8220;on|desktop&#8220; border_color_all=&#8220;#5ebbb3&#8243; global_colors_info=&#8220;{}&#8220;]<\/p>\n<p><strong>Global <span style=\"color: #a22c43;\">Spedition <\/span><\/strong>verf\u00fcgt \u00fcber Fl\u00fcssigkeitstanks f\u00fcr den Transport von\u00a0<strong>speziellen Lebensmittelprodukten<\/strong>. Diese sind mit selbsttragenden Tanks ausgestattet, die mit elektrischen, im Tankwagen installierten Drehkolbenpumpen entladen werden. Die Tankwagen verf\u00fcgen \u00fcber separate Heizeinheiten f\u00fcr die entsprechenden Produkte.<\/p>\n<p>[\/et_pb_text][et_pb_text _builder_version=&#8220;4.17.4&#8243; _module_preset=&#8220;default&#8220; text_font=&#8220;Poppins|300|||||||&#8220; text_text_color=&#8220;#222221&#8243; text_font_size=&#8220;15px&#8220; background_enable_color=&#8220;off&#8220; text_orientation=&#8220;justified&#8220; custom_margin=&#8220;1.5em||||false|false&#8220; custom_padding=&#8220;|||3em|false|false&#8220; custom_padding_tablet=&#8220;|0px||0em|false|false&#8220; custom_padding_phone=&#8220;|0em|||false|false&#8220; custom_padding_last_edited=&#8220;on|phone&#8220; border_color_all=&#8220;#5ebbb3&#8243; global_colors_info=&#8220;{}&#8220;]<\/p>\n<p><strong>Global <span style=\"color: #a22c43;\">Spedition <\/span><\/strong>hat zwei Arten von Fl\u00fcssigkeitstanks, die alle ATP-konform sind:<\/p>\n<p>[\/et_pb_text][et_pb_text _builder_version=&#8220;4.17.4&#8243; _module_preset=&#8220;default&#8220; text_font=&#8220;Poppins|300|||||||&#8220; text_text_color=&#8220;#222221&#8243; text_font_size=&#8220;15px&#8220; text_line_height=&#8220;1em&#8220; background_enable_color=&#8220;off&#8220; text_orientation=&#8220;justified&#8220; custom_margin=&#8220;1.5em||||false|false&#8220; custom_padding=&#8220;|||3em|false|false&#8220; custom_padding_tablet=&#8220;|3em||0em|false|false&#8220; custom_padding_phone=&#8220;|0em||0em|false|false&#8220; custom_padding_last_edited=&#8220;on|phone&#8220; animation_style=&#8220;slide&#8220; animation_intensity_slide=&#8220;5%&#8220; text_orientation_tablet=&#8220;justified&#8220; text_orientation_phone=&#8220;justified&#8220; text_orientation_last_edited=&#8220;on|phone&#8220; border_color_all=&#8220;#5ebbb3&#8243; global_colors_info=&#8220;{}&#8220;]<span class=\"et-pb-icon\" style=\"font-size: 18px; color: #a22c43; vertical-align: middle; margin-right: 5px;\">$<\/span> <strong>Monokubische Fl\u00fcssigkeitstanks<\/strong>[\/et_pb_text][et_pb_text _builder_version=&#8220;4.17.4&#8243; _module_preset=&#8220;default&#8220; text_font=&#8220;Poppins|300|||||||&#8220; text_text_color=&#8220;#222221&#8243; text_font_size=&#8220;15px&#8220; text_line_height=&#8220;1em&#8220; background_enable_color=&#8220;off&#8220; text_orientation=&#8220;justified&#8220; custom_margin=&#8220;1.5em||||false|false&#8220; custom_margin_tablet=&#8220;1.5em||||false|false&#8220; custom_margin_phone=&#8220;0em||||false|false&#8220; custom_margin_last_edited=&#8220;on|phone&#8220; custom_padding=&#8220;|||3em|false|false&#8220; custom_padding_tablet=&#8220;|3em||0em|false|false&#8220; custom_padding_phone=&#8220;|0em||0em|false|false&#8220; custom_padding_last_edited=&#8220;on|phone&#8220; animation_style=&#8220;slide&#8220; animation_intensity_slide=&#8220;5%&#8220; text_orientation_tablet=&#8220;justified&#8220; text_orientation_phone=&#8220;justified&#8220; text_orientation_last_edited=&#8220;on|phone&#8220; border_color_all=&#8220;#5ebbb3&#8243; global_colors_info=&#8220;{}&#8220;]<\/p>\n<p><span class=\"et-pb-icon\" style=\"font-size: 18px; color: #a22c43; vertical-align: middle; margin-right: 5px;\">$<\/span> <strong>Abgeteilte Fl\u00fcssigkeitstanks<\/strong><\/p>\n<p>[\/et_pb_text][et_pb_text _builder_version=&#8220;4.17.4&#8243; _module_preset=&#8220;default&#8220; text_font=&#8220;Poppins|300|||||||&#8220; text_text_color=&#8220;#222221&#8243; text_font_size=&#8220;15px&#8220; background_enable_color=&#8220;off&#8220; text_orientation=&#8220;justified&#8220; custom_margin=&#8220;||||false|false&#8220; custom_margin_tablet=&#8220;0em||||false|false&#8220; custom_margin_phone=&#8220;0em||||false|false&#8220; custom_margin_last_edited=&#8220;on|phone&#8220; custom_padding=&#8220;|||3em|false|false&#8220; custom_padding_tablet=&#8220;|||0em|false|false&#8220; custom_padding_phone=&#8220;|||0em|false|false&#8220; custom_padding_last_edited=&#8220;on|phone&#8220; border_color_all=&#8220;#5ebbb3&#8243; global_colors_info=&#8220;{}&#8220;]<\/p>\n<p>S\u00e4mtliche Tanks erf\u00fcllen alle notwendigen Anforderungen, um die Bed\u00fcrfnisse der Kunden zu erf\u00fcllen und einen engagierten und effizienten Service zu gew\u00e4hrleisten.<\/p>\n<p>[\/et_pb_text][\/et_pb_column][\/et_pb_row][\/et_pb_section][et_pb_section fb_built=&#8220;1&#8243; _builder_version=&#8220;4.16&#8243; _module_preset=&#8220;default&#8220; global_colors_info=&#8220;{}&#8220;][et_pb_row _builder_version=&#8220;4.16&#8243; _module_preset=&#8220;default&#8220; custom_margin=&#8220;||0px||false|false&#8220; custom_padding=&#8220;||0px||false|false&#8220; global_colors_info=&#8220;{}&#8220;][et_pb_column type=&#8220;4_4&#8243; _builder_version=&#8220;4.16&#8243; _module_preset=&#8220;default&#8220; global_colors_info=&#8220;{}&#8220;][et_pb_text _builder_version=&#8220;4.17.4&#8243; _module_preset=&#8220;default&#8220; text_text_color=&#8220;#222221&#8243; header_font=&#8220;Poppins|600||on|||||&#8220; header_text_align=&#8220;center&#8220; header_text_color=&#8220;#000000&#8243; header_font_size=&#8220;28px&#8220; header_2_font=&#8220;Poppins|600|||on|on||#a22c43|&#8220; header_2_text_align=&#8220;center&#8220; header_2_text_color=&#8220;#222221&#8243; header_2_font_size=&#8220;28px&#8220; header_2_line_height=&#8220;1.2em&#8220; custom_margin=&#8220;||0px||false|false&#8220; custom_padding=&#8220;||0px||false|false&#8220; global_colors_info=&#8220;{}&#8220; custom_css_before_last_edited=&#8220;on|desktop&#8220; custom_css_before_phone=&#8220;display:none;&#8220; custom_css_after_last_edited=&#8220;on|tablet&#8220; custom_css_after_phone=&#8220;display:none;&#8220;]<\/p>\n<h2>Service h\u00f6chster Qualit\u00e4t<\/h2>\n<p>[\/et_pb_text][\/et_pb_column][\/et_pb_row][et_pb_row column_structure=&#8220;1_2,1_2&#8243; make_equal=&#8220;on&#8220; _builder_version=&#8220;4.16.0&#8243; _module_preset=&#8220;default&#8220; global_colors_info=&#8220;{}&#8220;][et_pb_column type=&#8220;1_2&#8243; _builder_version=&#8220;4.16.0&#8243; _module_preset=&#8220;default&#8220; custom_padding=&#8220;||||false|false&#8220; border_width_right=&#8220;2px&#8220; border_color_right=&#8220;#a22c43&#8243; border_color_left=&#8220;#a22c43&#8243; border_width_right_tablet=&#8220;0px&#8220; border_width_right_phone=&#8220;0px&#8220; border_width_right_last_edited=&#8220;on|phone&#8220; global_colors_info=&#8220;{}&#8220;][et_pb_text _builder_version=&#8220;4.17.4&#8243; _module_preset=&#8220;default&#8220; text_font=&#8220;Poppins|300|||||||&#8220; text_text_color=&#8220;#222221&#8243; text_font_size=&#8220;15px&#8220; background_enable_color=&#8220;off&#8220; text_orientation=&#8220;justified&#8220; custom_margin=&#8220;0.5em||||false|false&#8220; custom_padding=&#8220;|3em|||false|false&#8220; custom_padding_tablet=&#8220;|0em|||false|false&#8220; custom_padding_phone=&#8220;|0em|||false|false&#8220; custom_padding_last_edited=&#8220;on|phone&#8220; border_color_all=&#8220;#5ebbb3&#8243; global_colors_info=&#8220;{}&#8220;]<\/p>\n<p>Die in regelm\u00e4\u00dfigen Abst\u00e4nden stattfindende Erneuerung der Ausr\u00fcstung von <strong>Global <span style=\"color: #a22c43;\">Spedition <\/span><\/strong>besteht in erster Linie darin, dass alle drei Jahre ein Austausch der Zugwagen vorgenommen wird. Dar\u00fcber hinaus sind sie aufgrund des Engagements des Unternehmens f\u00fcr den Umweltschutz mit hochmodernen Motoren ausgestattet, die wenig Schadstoffe verursachen und dazu beitragen, den\u00a0<strong>CO2-Fu\u00dfabdruck <\/strong>zu reduzieren.<\/p>\n<p>[\/et_pb_text][et_pb_text _builder_version=&#8220;4.17.4&#8243; _module_preset=&#8220;default&#8220; text_font=&#8220;Poppins|300|||||||&#8220; text_text_color=&#8220;#222221&#8243; text_font_size=&#8220;15px&#8220; background_enable_color=&#8220;off&#8220; text_orientation=&#8220;justified&#8220; custom_margin=&#8220;1.2em||||false|false&#8220; custom_padding=&#8220;|3em|||false|false&#8220; custom_padding_tablet=&#8220;|0em|||false|false&#8220; custom_padding_phone=&#8220;|0em|||false|false&#8220; custom_padding_last_edited=&#8220;on|phone&#8220; border_color_all=&#8220;#5ebbb3&#8243; global_colors_info=&#8220;{}&#8220;]<\/p>\n<p>Dar\u00fcber hinaus werden sowohl die Tanks als auch die f\u00fcr die Entladung verwendeten Zubeh\u00f6rteile nach speziellen Pl\u00e4nen pr\u00e4ventiv gewartet. Daher wird auch diese Ausr\u00fcstung regelm\u00e4\u00dfig erneuert, um sicherzustellen, dass sie sich in einem guten Zustand befindet und dass <strong>Global <span style=\"color: #a22c43;\">Spedition<\/span><\/strong> einen hervorragenden Service bietet.<\/p>\n<p>[\/et_pb_text][\/et_pb_column][et_pb_column type=&#8220;1_2&#8243; _builder_version=&#8220;4.16&#8243; _module_preset=&#8220;default&#8220; global_colors_info=&#8220;{}&#8220;][et_pb_image src=&#8220;https:\/\/www.globalspedition.com\/wp-content\/uploads\/2022\/04\/global-spedition-cisternas-liquidos-07.jpg&#8220; alt=&#8220;simulador global spedition&#8220; title_text=&#8220;global-spedition-cisternas-liquidos-07&#8243; align=&#8220;center&#8220; _builder_version=&#8220;4.16.0&#8243; _module_preset=&#8220;default&#8220; global_colors_info=&#8220;{}&#8220;][\/et_pb_image][\/et_pb_column][\/et_pb_row][et_pb_row column_structure=&#8220;1_2,1_2&#8243; make_equal=&#8220;on&#8220; _builder_version=&#8220;4.16.0&#8243; _module_preset=&#8220;default&#8220; global_colors_info=&#8220;{}&#8220;][et_pb_column type=&#8220;1_2&#8243; _builder_version=&#8220;4.16&#8243; _module_preset=&#8220;default&#8220; global_colors_info=&#8220;{}&#8220;][et_pb_image src=&#8220;https:\/\/www.globalspedition.com\/wp-content\/uploads\/2022\/04\/global-spedition-cisternas-liquidos-09.jpg&#8220; alt=&#8220;simulador global spedition&#8220; title_text=&#8220;global-spedition-cisternas-liquidos-09&#8243; align=&#8220;center&#8220; _builder_version=&#8220;4.16.0&#8243; _module_preset=&#8220;default&#8220; global_colors_info=&#8220;{}&#8220;][\/et_pb_image][\/et_pb_column][et_pb_column type=&#8220;1_2&#8243; _builder_version=&#8220;4.16.0&#8243; _module_preset=&#8220;default&#8220; custom_padding=&#8220;||||false|false&#8220; border_width_left=&#8220;2px&#8220; border_color_left=&#8220;#a22c43&#8243; border_width_left_tablet=&#8220;0px&#8220; border_width_left_phone=&#8220;0px&#8220; border_width_left_last_edited=&#8220;on|phone&#8220; global_colors_info=&#8220;{}&#8220;][et_pb_text _builder_version=&#8220;4.17.4&#8243; _module_preset=&#8220;default&#8220; text_font=&#8220;Poppins|300|||||||&#8220; text_text_color=&#8220;#222221&#8243; text_font_size=&#8220;15px&#8220; background_enable_color=&#8220;off&#8220; text_orientation=&#8220;justified&#8220; custom_margin=&#8220;1.5em||||false|false&#8220; custom_padding=&#8220;|||3em|false|false&#8220; custom_padding_tablet=&#8220;|||0em|false|false&#8220; custom_padding_phone=&#8220;|||0em|false|false&#8220; custom_padding_last_edited=&#8220;on|phone&#8220; border_color_all=&#8220;#5ebbb3&#8243; global_colors_info=&#8220;{}&#8220;]<\/p>\n<p>Hinzu kommt die f\u00fchrende Rolle des Unternehmens auf dem Gebiet der Kommunikation. Dank des Engagements von <strong>Global <span style=\"color: #a22c43;\">Spedition<\/span><\/strong>\u00a0im Bereich der Technologie, k\u00f6nnen die G\u00fcter per Satellit verfolgt und \u00fcberwacht werden. Auf diese Weise ist es m\u00f6glich, die R\u00fcckverfolgbarkeit der Prozesse zu kennen und den Kunden kontinuierlich \u00fcber den Status der beauftragten Dienstleistung zu informieren. Da wir in\u00a0<strong>Echtzeit<\/strong>\u00a0\u00fcber jede Aktualisierung unserer Arbeit Bescheid wissen, k\u00f6nnen wir bei Bedarf die Route unserer Arbeit \u00e4ndern und so stets wirksame Entscheidungen treffen, die sich direkt auf die Effizienz von <strong>Global <span style=\"color: #a22c43;\">Spedition <\/span><\/strong>bei der Erbringung der Dienstleistung f\u00fcr den Kunden auswirken.<\/p>\n<p>[\/et_pb_text][\/et_pb_column][\/et_pb_row][et_pb_row disabled_on=&#8220;on|on|off&#8220; _builder_version=&#8220;4.16.0&#8243; _module_preset=&#8220;default&#8220; global_colors_info=&#8220;{}&#8220;][et_pb_column type=&#8220;4_4&#8243; _builder_version=&#8220;4.16&#8243; _module_preset=&#8220;default&#8220; global_colors_info=&#8220;{}&#8220;][\/et_pb_column][\/et_pb_row][\/et_pb_section]<\/p>\n","protected":false},"excerpt":{"rendered":"<p>ATP-Tankwagen f\u00fcr Fl\u00fcssigkeitenGlobal Spedition verf\u00fcgt \u00fcber eine moderne Fahrzeugflotte, die best\u00e4ndig\u00a0erneuert wird und mit der\u00a0neuesten\u00a0Technologie ausgestattet ist. Ziel ist es, einen\u00a0effizienten\u00a0und\u00a0effektiven Service zu gew\u00e4hrleisten, der im Einklang mit dem festen Willen des Unternehmens steht, h\u00f6chste\u00a0Qualit\u00e4ts-,\u00a0Umwelt-\u00a0und\u00a0Sicherheitsstandards zu erf\u00fcllen.Global Spedition verf\u00fcgt \u00fcber Fl\u00fcssigkeitstanks f\u00fcr den Transport von\u00a0speziellen Lebensmittelprodukten. Diese sind mit selbsttragenden Tanks ausgestattet, die mit elektrischen, [&hellip;]<\/p>\n","protected":false},"author":1,"featured_media":0,"parent":0,"menu_order":0,"comment_status":"closed","ping_status":"closed","template":"","meta":{"_et_pb_use_builder":"on","_et_pb_old_content":"","_et_gb_content_width":"","_monsterinsights_skip_tracking":false,"_monsterinsights_sitenote_active":false,"_monsterinsights_sitenote_note":"","_monsterinsights_sitenote_category":0,"footnotes":""},"class_list":["post-2572","page","type-page","status-publish","hentry"],"_links":{"self":[{"href":"https:\/\/www.globalspedition.com\/de\/wp-json\/wp\/v2\/pages\/2572","targetHints":{"allow":["GET"]}}],"collection":[{"href":"https:\/\/www.globalspedition.com\/de\/wp-json\/wp\/v2\/pages"}],"about":[{"href":"https:\/\/www.globalspedition.com\/de\/wp-json\/wp\/v2\/types\/page"}],"author":[{"embeddable":true,"href":"https:\/\/www.globalspedition.com\/de\/wp-json\/wp\/v2\/users\/1"}],"replies":[{"embeddable":true,"href":"https:\/\/www.globalspedition.com\/de\/wp-json\/wp\/v2\/comments?post=2572"}],"version-history":[{"count":4,"href":"https:\/\/www.globalspedition.com\/de\/wp-json\/wp\/v2\/pages\/2572\/revisions"}],"predecessor-version":[{"id":3447,"href":"https:\/\/www.globalspedition.com\/de\/wp-json\/wp\/v2\/pages\/2572\/revisions\/3447"}],"wp:attachment":[{"href":"https:\/\/www.globalspedition.com\/de\/wp-json\/wp\/v2\/media?parent=2572"}],"curies":[{"name":"wp","href":"https:\/\/api.w.org\/{rel}","templated":true}]}}