{"id":2485,"date":"2022-03-31T10:24:57","date_gmt":"2022-03-31T09:24:57","guid":{"rendered":"https:\/\/www.globalspedition.com\/otros-servicios\/"},"modified":"2022-07-22T08:38:38","modified_gmt":"2022-07-22T07:38:38","slug":"weitere-dienstleistungen","status":"publish","type":"page","link":"https:\/\/www.globalspedition.com\/de\/weitere-dienstleistungen\/","title":{"rendered":"Weitere dienstleistungen"},"content":{"rendered":"<p>[et_pb_section fb_built=&#8220;1&#8243; fullwidth=&#8220;on&#8220; _builder_version=&#8220;4.16&#8243; _module_preset=&#8220;default&#8220; custom_margin_tablet=&#8220;12em||||false|false&#8220; custom_margin_phone=&#8220;9em||||false|false&#8220; custom_margin_last_edited=&#8220;on|tablet&#8220; global_colors_info=&#8220;{}&#8220;][et_pb_fullwidth_image src=&#8220;https:\/\/www.globalspedition.com\/wp-content\/uploads\/2022\/04\/global-spedition-servicios-cabecera-01.jpg&#8220; alt=&#8220;global spedition&#8220; title_text=&#8220;global-spedition-servicios-cabecera-01&#8243; _builder_version=&#8220;4.16.0&#8243; _module_preset=&#8220;default&#8220; global_colors_info=&#8220;{}&#8220;][\/et_pb_fullwidth_image][\/et_pb_section][et_pb_section fb_built=&#8220;1&#8243; _builder_version=&#8220;4.16&#8243; _module_preset=&#8220;default&#8220; global_colors_info=&#8220;{}&#8220;][et_pb_row _builder_version=&#8220;4.16&#8243; _module_preset=&#8220;default&#8220; custom_margin=&#8220;||0px||false|false&#8220; custom_padding=&#8220;||0px||false|false&#8220; global_colors_info=&#8220;{}&#8220;][et_pb_column type=&#8220;4_4&#8243; _builder_version=&#8220;4.16&#8243; _module_preset=&#8220;default&#8220; global_colors_info=&#8220;{}&#8220;][et_pb_text _builder_version=&#8220;4.17.4&#8243; _module_preset=&#8220;default&#8220; text_font=&#8220;|||||||#5ebbb3|&#8220; text_text_color=&#8220;#000000&#8243; header_font=&#8220;Poppins|600|||on|on||#a22c43|&#8220; header_text_align=&#8220;center&#8220; header_text_color=&#8220;#222221&#8243; header_font_size=&#8220;28px&#8220; header_line_height=&#8220;1.2em&#8220; custom_margin=&#8220;||0px||false|false&#8220; custom_padding=&#8220;||0px||false|false&#8220; global_colors_info=&#8220;{}&#8220; custom_css_before__hover_enabled=&#8220;off|desktop&#8220; custom_css_before_last_edited=&#8220;on|tablet&#8220; custom_css_before_phone=&#8220;display:none;&#8220; custom_css_after_last_edited=&#8220;on|phone&#8220; custom_css_after_phone=&#8220;display:none;&#8220;]<\/p>\n<h1>Weitere dienstleistungen<\/h1>\n<p>[\/et_pb_text][\/et_pb_column][\/et_pb_row][et_pb_row _builder_version=&#8220;4.16&#8243; _module_preset=&#8220;default&#8220; global_colors_info=&#8220;{}&#8220;][et_pb_column type=&#8220;4_4&#8243; _builder_version=&#8220;4.16&#8243; _module_preset=&#8220;default&#8220; global_colors_info=&#8220;{}&#8220;][et_pb_text _builder_version=&#8220;4.17.4&#8243; _module_preset=&#8220;default&#8220; text_font=&#8220;Poppins|300|||||||&#8220; text_text_color=&#8220;#222221&#8243; text_font_size=&#8220;15px&#8220; background_enable_color=&#8220;off&#8220; text_orientation=&#8220;justified&#8220; custom_margin=&#8220;||||false|false&#8220; custom_padding=&#8220;||||false|false&#8220; border_color_all=&#8220;#5ebbb3&#8243; global_colors_info=&#8220;{}&#8220;]<\/p>\n<p><strong>Global <span style=\"color: #a22c43;\">Spedition <\/span><\/strong>ist im Stra\u00dfeng\u00fcterverkehr zu Hause und f\u00fchrt Tank- und Sch\u00fcttguttransporte von pulverf\u00f6rmigen Feststoffen und fl\u00fcssigem Massengut durch. Zu diesem Zweck hat das Unternehmen verschiedene Standorte. Das Unternehmen verf\u00fcgt \u00fcber eine\u00a0<strong>zertifizierte Waschanlage<\/strong>\u00a0an seinem Standort in Madrid sowie \u00fcber\u00a0<strong>eigene Werkst\u00e4tten<\/strong>\u00a0an seinen Standorten in Zaragoza und Madrid.<\/p>\n<p>[\/et_pb_text][\/et_pb_column][\/et_pb_row][et_pb_row column_structure=&#8220;1_4,1_4,1_4,1_4&#8243; use_custom_gutter=&#8220;on&#8220; gutter_width=&#8220;1&#8243; _builder_version=&#8220;4.17.4&#8243; _module_preset=&#8220;default&#8220; global_colors_info=&#8220;{}&#8220;][et_pb_column type=&#8220;1_4&#8243; _builder_version=&#8220;4.16.0&#8243; _module_preset=&#8220;default&#8220; global_colors_info=&#8220;{}&#8220; custom_css_main_element_last_edited=&#8220;on|phone&#8220; custom_css_main_element_tablet=&#8220;display:none !important;&#8220; custom_css_main_element_phone=&#8220;display:none !important;&#8220;][\/et_pb_column][et_pb_column type=&#8220;1_4&#8243; _builder_version=&#8220;4.17.4&#8243; _module_preset=&#8220;default&#8220; animation_style=&#8220;slide&#8220; animation_direction=&#8220;left&#8220; animation_intensity_slide=&#8220;15%&#8220; link_option_url=&#8220;#werkstatt&#8220; global_colors_info=&#8220;{}&#8220; transform_styles__hover_enabled=&#8220;on|hover&#8220; transform_scale__hover_enabled=&#8220;on|hover&#8220; transform_translate__hover_enabled=&#8220;on|desktop&#8220; transform_rotate__hover_enabled=&#8220;on|desktop&#8220; transform_skew__hover_enabled=&#8220;on|desktop&#8220; transform_origin__hover_enabled=&#8220;on|desktop&#8220; transform_scale__hover=&#8220;105%|105%&#8220; filter_saturate__hover_enabled=&#8220;on|hover&#8220; filter_saturate__hover=&#8220;0%&#8220;][et_pb_image src=&#8220;https:\/\/www.globalspedition.com\/wp-content\/uploads\/2022\/03\/icono-taller.png&#8220; title_text=&#8220;icono taller&#8220; align=&#8220;center&#8220; _builder_version=&#8220;4.16&#8243; _module_preset=&#8220;default&#8220; width=&#8220;30%&#8220; custom_margin=&#8220;||0.5em||false|false&#8220; custom_padding=&#8220;||||false|false&#8220; global_colors_info=&#8220;{}&#8220;][\/et_pb_image][et_pb_text _builder_version=&#8220;4.17.4&#8243; _module_preset=&#8220;default&#8220; text_font=&#8220;Poppins|500|||||||&#8220; text_text_color=&#8220;#222221&#8243; text_font_size=&#8220;20px&#8220; background_enable_color=&#8220;off&#8220; text_orientation=&#8220;center&#8220; custom_margin=&#8220;||0px||false|false&#8220; custom_padding=&#8220;||0px||false|false&#8220; border_color_all=&#8220;#5ebbb3&#8243; global_colors_info=&#8220;{}&#8220;]Werkstatt[\/et_pb_text][et_pb_text _builder_version=&#8220;4.17.4&#8243; _module_preset=&#8220;default&#8220; text_font=&#8220;Poppins||||||||&#8220; text_text_color=&#8220;#5ebbb3&#8243; text_font_size=&#8220;16px&#8220; background_enable_color=&#8220;off&#8220; text_orientation=&#8220;center&#8220; custom_margin=&#8220;1em||||false|false&#8220; custom_padding=&#8220;0px||||false|false&#8220; border_color_all=&#8220;#5ebbb3&#8243; global_colors_info=&#8220;{}&#8220;]>> Mehr Informationen[\/et_pb_text][\/et_pb_column][et_pb_column type=&#8220;1_4&#8243; _builder_version=&#8220;4.17.4&#8243; _module_preset=&#8220;default&#8220; animation_style=&#8220;slide&#8220; animation_direction=&#8220;right&#8220; animation_intensity_slide=&#8220;15%&#8220; link_option_url=&#8220;#waschen&#8220; global_colors_info=&#8220;{}&#8220; transform_styles__hover_enabled=&#8220;on|hover&#8220; transform_scale__hover_enabled=&#8220;on|hover&#8220; transform_translate__hover_enabled=&#8220;on|desktop&#8220; transform_rotate__hover_enabled=&#8220;on|desktop&#8220; transform_skew__hover_enabled=&#8220;on|desktop&#8220; transform_origin__hover_enabled=&#8220;on|desktop&#8220; transform_scale__hover=&#8220;105%|105%&#8220; filter_saturate__hover_enabled=&#8220;on|hover&#8220; filter_saturate__hover=&#8220;0%&#8220;][et_pb_image src=&#8220;https:\/\/www.globalspedition.com\/wp-content\/uploads\/2022\/03\/icono-lavadero.png&#8220; title_text=&#8220;icono lavadero&#8220; align=&#8220;center&#8220; _builder_version=&#8220;4.16&#8243; _module_preset=&#8220;default&#8220; width=&#8220;30%&#8220; custom_margin=&#8220;||0.5em||false|false&#8220; custom_padding=&#8220;||||false|false&#8220; global_colors_info=&#8220;{}&#8220;][\/et_pb_image][et_pb_text _builder_version=&#8220;4.17.4&#8243; _module_preset=&#8220;default&#8220; text_font=&#8220;Poppins|500|||||||&#8220; text_text_color=&#8220;#222221&#8243; text_font_size=&#8220;20px&#8220; background_enable_color=&#8220;off&#8220; text_orientation=&#8220;center&#8220; custom_margin=&#8220;||0px||false|false&#8220; custom_padding=&#8220;||0px||false|false&#8220; border_color_all=&#8220;#5ebbb3&#8243; global_colors_info=&#8220;{}&#8220;]<\/p>\n<p>LKW waschen<\/p>\n<p>[\/et_pb_text][et_pb_text _builder_version=&#8220;4.17.4&#8243; _module_preset=&#8220;default&#8220; text_font=&#8220;Poppins||||||||&#8220; text_text_color=&#8220;#5ebbb3&#8243; text_font_size=&#8220;16px&#8220; background_enable_color=&#8220;off&#8220; text_orientation=&#8220;center&#8220; custom_margin=&#8220;1em||||false|false&#8220; custom_padding=&#8220;0px||||false|false&#8220; border_color_all=&#8220;#5ebbb3&#8243; global_colors_info=&#8220;{}&#8220;]>> Mehr Informationen[\/et_pb_text][\/et_pb_column][et_pb_column type=&#8220;1_4&#8243; _builder_version=&#8220;4.16.0&#8243; _module_preset=&#8220;default&#8220; animation_style=&#8220;slide&#8220; animation_direction=&#8220;right&#8220; animation_intensity_slide=&#8220;15%&#8220; global_colors_info=&#8220;{}&#8220; transform_styles__hover_enabled=&#8220;on|hover&#8220; transform_scale__hover_enabled=&#8220;on|hover&#8220; transform_translate__hover_enabled=&#8220;on|desktop&#8220; transform_rotate__hover_enabled=&#8220;on|desktop&#8220; transform_skew__hover_enabled=&#8220;on|desktop&#8220; transform_origin__hover_enabled=&#8220;on|desktop&#8220; transform_scale__hover=&#8220;105%|105%&#8220; filter_saturate__hover_enabled=&#8220;on|hover&#8220; filter_saturate__hover=&#8220;0%&#8220; custom_css_main_element_last_edited=&#8220;on|tablet&#8220; custom_css_main_element_tablet=&#8220;display:none !important;&#8220; custom_css_main_element_phone=&#8220;display:none !important;&#8220;][\/et_pb_column][\/et_pb_row][\/et_pb_section][et_pb_section fb_built=&#8220;1&#8243; module_id=&#8220;werkstatt&#8220; _builder_version=&#8220;4.17.4&#8243; _module_preset=&#8220;default&#8220; background_color=&#8220;#f4f4f4&#8243; use_background_color_gradient=&#8220;on&#8220; background_color_gradient_direction=&#8220;173deg&#8220; background_color_gradient_stops=&#8220;rgba(244,244,244,0.85) 0%|rgba(244,244,244,0.85) 100%&#8220; background_color_gradient_overlays_image=&#8220;on&#8220; background_color_gradient_start=&#8220;rgba(244,244,244,0.85)&#8220; background_color_gradient_end=&#8220;rgba(244,244,244,0.85)&#8220; background_enable_image=&#8220;off&#8220; background_size=&#8220;initial&#8220; global_colors_info=&#8220;{}&#8220;][et_pb_row _builder_version=&#8220;4.16.0&#8243; _module_preset=&#8220;default&#8220; custom_margin=&#8220;||0px||false|false&#8220; custom_padding=&#8220;||0px||false|false&#8220; global_colors_info=&#8220;{}&#8220;][et_pb_column type=&#8220;4_4&#8243; _builder_version=&#8220;4.16&#8243; _module_preset=&#8220;default&#8220; global_colors_info=&#8220;{}&#8220;][et_pb_text _builder_version=&#8220;4.17.4&#8243; _module_preset=&#8220;default&#8220; text_text_color=&#8220;#222221&#8243; header_font=&#8220;Poppins|600||on|||||&#8220; header_text_align=&#8220;center&#8220; header_text_color=&#8220;#000000&#8243; header_font_size=&#8220;28px&#8220; header_2_font=&#8220;Poppins|600|||on|on||#a22c43|&#8220; header_2_text_align=&#8220;center&#8220; header_2_text_color=&#8220;#222221&#8243; header_2_font_size=&#8220;28px&#8220; header_2_line_height=&#8220;1.2em&#8220; custom_margin=&#8220;||0px||false|false&#8220; custom_padding=&#8220;||0px||false|false&#8220; global_colors_info=&#8220;{}&#8220; custom_css_before_last_edited=&#8220;on|tablet&#8220; custom_css_before_phone=&#8220;display:none;&#8220; custom_css_after_last_edited=&#8220;on|tablet&#8220; custom_css_after_phone=&#8220;display:none;&#8220;]<\/p>\n<h2>Werkstatt<\/h2>\n<p>[\/et_pb_text][\/et_pb_column][\/et_pb_row][et_pb_row column_structure=&#8220;1_2,1_2&#8243; make_equal=&#8220;on&#8220; _builder_version=&#8220;4.16.0&#8243; _module_preset=&#8220;default&#8220; global_colors_info=&#8220;{}&#8220;][et_pb_column type=&#8220;1_2&#8243; _builder_version=&#8220;4.16&#8243; _module_preset=&#8220;default&#8220; global_colors_info=&#8220;{}&#8220;][et_pb_image src=&#8220;https:\/\/www.globalspedition.com\/wp-content\/uploads\/2022\/03\/global-spedition-taller-03.jpg&#8220; alt=&#8220;simulador global spedition&#8220; title_text=&#8220;global-spedition-taller-03&#8243; align=&#8220;center&#8220; _builder_version=&#8220;4.16.0&#8243; _module_preset=&#8220;default&#8220; global_colors_info=&#8220;{}&#8220;][\/et_pb_image][\/et_pb_column][et_pb_column type=&#8220;1_2&#8243; _builder_version=&#8220;4.16.0&#8243; _module_preset=&#8220;default&#8220; custom_padding=&#8220;||||false|false&#8220; border_width_left=&#8220;2px&#8220; border_color_left=&#8220;#a22c43&#8243; border_width_left_tablet=&#8220;0px&#8220; border_width_left_phone=&#8220;0px&#8220; border_width_left_last_edited=&#8220;on|phone&#8220; global_colors_info=&#8220;{}&#8220;][et_pb_text _builder_version=&#8220;4.17.4&#8243; _module_preset=&#8220;default&#8220; text_font=&#8220;Poppins|300|||||||&#8220; text_text_color=&#8220;#222221&#8243; text_font_size=&#8220;15px&#8220; background_enable_color=&#8220;off&#8220; text_orientation=&#8220;justified&#8220; custom_margin=&#8220;2.5em||||false|false&#8220; custom_margin_tablet=&#8220;2.5em||||false|false&#8220; custom_margin_phone=&#8220;2.5em||||false|false&#8220; custom_margin_last_edited=&#8220;on|desktop&#8220; custom_padding=&#8220;|||3em|false|false&#8220; custom_padding_tablet=&#8220;|||0em|false|false&#8220; custom_padding_phone=&#8220;|||0em|false|false&#8220; custom_padding_last_edited=&#8220;on|phone&#8220; border_color_all=&#8220;#5ebbb3&#8243; global_colors_info=&#8220;{}&#8220;]<\/p>\n<p>Die <strong>Global <span style=\"color: #a22c43;\">Spedition<\/span><\/strong> hat ihre eigenen Werkst\u00e4tten an ihren St\u00fctzpunkten in Zaragoza und Madrid, um <strong>Wartungsarbeiten<\/strong> durchzuf\u00fchren und die <strong>Reparatur<\/strong> Ihres Fuhrparks, sowie externe Firmen.<\/p>\n<p>Diese Werkst\u00e4tten sind mit der notwendigen Ausr\u00fcstung und dem spezialisierten Personal ausgestattet, um einen <strong>Garantie<\/strong>&#8211; und <strong>Qualit\u00e4ts<\/strong>-Service anzubieten, ohne von Dritten abh\u00e4ngig zu sein, was zu einem besseren <strong>Service f\u00fchrt. an den Kunden<\/strong>.<\/p>\n<p>Es verf\u00fcgt auch \u00fcber Rettungsfahrzeuge und Pannenhilfe, um diese Dienste zu vervollst\u00e4ndigen.<\/p>\n<p>[\/et_pb_text][\/et_pb_column][\/et_pb_row][\/et_pb_section][et_pb_section fb_built=&#8220;1&#8243; module_id=&#8220;waschen&#8220; _builder_version=&#8220;4.17.4&#8243; _module_preset=&#8220;default&#8220; global_colors_info=&#8220;{}&#8220;][et_pb_row _builder_version=&#8220;4.16.0&#8243; _module_preset=&#8220;default&#8220; custom_margin=&#8220;||0px||false|false&#8220; custom_padding=&#8220;||0px||false|false&#8220; global_colors_info=&#8220;{}&#8220;][et_pb_column type=&#8220;4_4&#8243; _builder_version=&#8220;4.16&#8243; _module_preset=&#8220;default&#8220; global_colors_info=&#8220;{}&#8220;][et_pb_text _builder_version=&#8220;4.17.4&#8243; _module_preset=&#8220;default&#8220; text_text_color=&#8220;#222221&#8243; header_font=&#8220;Poppins|600||on|||||&#8220; header_text_align=&#8220;center&#8220; header_text_color=&#8220;#000000&#8243; header_font_size=&#8220;28px&#8220; header_2_font=&#8220;Poppins|600|||on|on||#a22c43|&#8220; header_2_text_align=&#8220;center&#8220; header_2_text_color=&#8220;#222221&#8243; header_2_font_size=&#8220;28px&#8220; header_2_line_height=&#8220;1.2em&#8220; custom_margin=&#8220;||0px||false|false&#8220; custom_padding=&#8220;||0px||false|false&#8220; global_colors_info=&#8220;{}&#8220; custom_css_before_last_edited=&#8220;on|tablet&#8220; custom_css_before_phone=&#8220;display:none;&#8220; custom_css_after_last_edited=&#8220;on|tablet&#8220; custom_css_after_phone=&#8220;display:none;&#8220;]<\/p>\n<h2>LKW waschen<\/h2>\n<p>[\/et_pb_text][\/et_pb_column][\/et_pb_row][et_pb_row column_structure=&#8220;1_2,1_2&#8243; make_equal=&#8220;on&#8220; _builder_version=&#8220;4.16.0&#8243; _module_preset=&#8220;default&#8220; global_colors_info=&#8220;{}&#8220;][et_pb_column type=&#8220;1_2&#8243; _builder_version=&#8220;4.16.0&#8243; _module_preset=&#8220;default&#8220; custom_padding=&#8220;||||false|false&#8220; border_width_right=&#8220;2px&#8220; border_color_right=&#8220;#a22c43&#8243; border_color_left=&#8220;#a22c43&#8243; border_width_right_tablet=&#8220;0px&#8220; border_width_right_phone=&#8220;0px&#8220; border_width_right_last_edited=&#8220;on|tablet&#8220; global_colors_info=&#8220;{}&#8220;][et_pb_text _builder_version=&#8220;4.17.4&#8243; _module_preset=&#8220;default&#8220; text_font=&#8220;Poppins|300|||||||&#8220; text_text_color=&#8220;#222221&#8243; text_font_size=&#8220;15px&#8220; background_enable_color=&#8220;off&#8220; text_orientation=&#8220;justified&#8220; custom_margin=&#8220;3.5em||||false|false&#8220; custom_margin_tablet=&#8220;0em||||false|false&#8220; custom_margin_phone=&#8220;0em||||false|false&#8220; custom_margin_last_edited=&#8220;on|tablet&#8220; custom_padding=&#8220;|3em|||false|false&#8220; custom_padding_tablet=&#8220;|0em|||false|false&#8220; custom_padding_phone=&#8220;|0em|||false|false&#8220; custom_padding_last_edited=&#8220;on|phone&#8220; border_color_all=&#8220;#5ebbb3&#8243; global_colors_info=&#8220;{}&#8220;]<strong>Global <span style=\"color: #a22c43;\">Spedition<\/span><\/strong> verf\u00fcgt an ihrem Standort in Madrid \u00fcber eine interne Tankreinigungsanlage gem\u00e4\u00df den <strong>ISO 9001<\/strong>-Standards  und <strong>14001<\/strong>, bietet exklusiven Service f\u00fcr die Flotte des Unternehmens.<\/p>\n<p>Fachpersonal ist f\u00fcr die Innen- und Au\u00dfenw\u00e4sche der Tanks sowie deren Zubeh\u00f6r zust\u00e4ndig.<\/p>\n<p>Jede in unseren Einrichtungen durchgef\u00fchrte W\u00e4sche wird von einem entsprechenden <strong>Waschzertifikat<\/strong> und einem <strong>versiegelten Tank<\/strong> begleitet.[\/et_pb_text][\/et_pb_column][et_pb_column type=&#8220;1_2&#8243; _builder_version=&#8220;4.16&#8243; _module_preset=&#8220;default&#8220; global_colors_info=&#8220;{}&#8220;][et_pb_image src=&#8220;https:\/\/www.globalspedition.com\/wp-content\/uploads\/2022\/04\/global-spedition-lavadero-02.jpg&#8220; alt=&#8220;simulador global spedition&#8220; title_text=&#8220;global-spedition-lavadero-02&#8243; align=&#8220;center&#8220; _builder_version=&#8220;4.16.0&#8243; _module_preset=&#8220;default&#8220; global_colors_info=&#8220;{}&#8220;][\/et_pb_image][\/et_pb_column][\/et_pb_row][et_pb_row _builder_version=&#8220;4.16&#8243; _module_preset=&#8220;default&#8220; global_colors_info=&#8220;{}&#8220;][et_pb_column type=&#8220;4_4&#8243; _builder_version=&#8220;4.16&#8243; _module_preset=&#8220;default&#8220; global_colors_info=&#8220;{}&#8220;][\/et_pb_column][\/et_pb_row][\/et_pb_section]<\/p>\n","protected":false},"excerpt":{"rendered":"<p>Weitere dienstleistungenGlobal Spedition ist im Stra\u00dfeng\u00fcterverkehr zu Hause und f\u00fchrt Tank- und Sch\u00fcttguttransporte von pulverf\u00f6rmigen Feststoffen und fl\u00fcssigem Massengut durch. Zu diesem Zweck hat das Unternehmen verschiedene Standorte. Das Unternehmen verf\u00fcgt \u00fcber eine\u00a0zertifizierte Waschanlage\u00a0an seinem Standort in Madrid sowie \u00fcber\u00a0eigene Werkst\u00e4tten\u00a0an seinen Standorten in Zaragoza und Madrid.Werkstatt>> Mehr InformationenLKW waschen>> Mehr InformationenWerkstattDie Global Spedition hat [&hellip;]<\/p>\n","protected":false},"author":1,"featured_media":0,"parent":0,"menu_order":0,"comment_status":"closed","ping_status":"closed","template":"","meta":{"_et_pb_use_builder":"on","_et_pb_old_content":"","_et_gb_content_width":"","_monsterinsights_skip_tracking":false,"_monsterinsights_sitenote_active":false,"_monsterinsights_sitenote_note":"","_monsterinsights_sitenote_category":0,"footnotes":""},"class_list":["post-2485","page","type-page","status-publish","hentry"],"_links":{"self":[{"href":"https:\/\/www.globalspedition.com\/de\/wp-json\/wp\/v2\/pages\/2485","targetHints":{"allow":["GET"]}}],"collection":[{"href":"https:\/\/www.globalspedition.com\/de\/wp-json\/wp\/v2\/pages"}],"about":[{"href":"https:\/\/www.globalspedition.com\/de\/wp-json\/wp\/v2\/types\/page"}],"author":[{"embeddable":true,"href":"https:\/\/www.globalspedition.com\/de\/wp-json\/wp\/v2\/users\/1"}],"replies":[{"embeddable":true,"href":"https:\/\/www.globalspedition.com\/de\/wp-json\/wp\/v2\/comments?post=2485"}],"version-history":[{"count":5,"href":"https:\/\/www.globalspedition.com\/de\/wp-json\/wp\/v2\/pages\/2485\/revisions"}],"predecessor-version":[{"id":2507,"href":"https:\/\/www.globalspedition.com\/de\/wp-json\/wp\/v2\/pages\/2485\/revisions\/2507"}],"wp:attachment":[{"href":"https:\/\/www.globalspedition.com\/de\/wp-json\/wp\/v2\/media?parent=2485"}],"curies":[{"name":"wp","href":"https:\/\/api.w.org\/{rel}","templated":true}]}}