{"id":2294,"date":"2022-03-31T11:40:58","date_gmt":"2022-03-31T10:40:58","guid":{"rendered":"https:\/\/www.globalspedition.com\/trabaja-con-nosotros\/"},"modified":"2022-07-22T08:46:32","modified_gmt":"2022-07-22T07:46:32","slug":"arbeiten-sie-mit-uns","status":"publish","type":"page","link":"https:\/\/www.globalspedition.com\/de\/arbeiten-sie-mit-uns\/","title":{"rendered":"Arbeiten sie mit uns"},"content":{"rendered":"<p>[et_pb_section fb_built=&#8220;1&#8243; fullwidth=&#8220;on&#8220; _builder_version=&#8220;4.16&#8243; _module_preset=&#8220;default&#8220; custom_margin_tablet=&#8220;12em||||false|false&#8220; custom_margin_phone=&#8220;9em||||false|false&#8220; custom_margin_last_edited=&#8220;on|tablet&#8220; global_colors_info=&#8220;{}&#8220;][et_pb_fullwidth_image src=&#8220;https:\/\/www.globalspedition.com\/wp-content\/uploads\/2022\/04\/global-spedition-trabaja-con-nosotros-cabecera-01.jpg&#8220; alt=&#8220;global spedition&#8220; title_text=&#8220;global-spedition-trabaja-con-nosotros-cabecera-01&#8243; _builder_version=&#8220;4.16.0&#8243; _module_preset=&#8220;default&#8220; global_colors_info=&#8220;{}&#8220;][\/et_pb_fullwidth_image][\/et_pb_section][et_pb_section fb_built=&#8220;1&#8243; _builder_version=&#8220;4.16&#8243; _module_preset=&#8220;default&#8220; global_colors_info=&#8220;{}&#8220;][et_pb_row _builder_version=&#8220;4.16&#8243; _module_preset=&#8220;default&#8220; custom_margin=&#8220;||0px||false|false&#8220; custom_padding=&#8220;||0px||false|false&#8220; global_colors_info=&#8220;{}&#8220;][et_pb_column type=&#8220;4_4&#8243; _builder_version=&#8220;4.16&#8243; _module_preset=&#8220;default&#8220; global_colors_info=&#8220;{}&#8220;][et_pb_text _builder_version=&#8220;4.17.4&#8243; _module_preset=&#8220;default&#8220; text_text_color=&#8220;#000000&#8243; header_font=&#8220;Poppins|600|||on|on||#a22c43|&#8220; header_text_align=&#8220;center&#8220; header_text_color=&#8220;#222221&#8243; header_font_size=&#8220;28px&#8220; header_line_height=&#8220;1.2em&#8220; custom_margin=&#8220;||0px||false|false&#8220; custom_padding=&#8220;||0px||false|false&#8220; global_colors_info=&#8220;{}&#8220; custom_css_before__hover_enabled=&#8220;off|desktop&#8220; custom_css_before_last_edited=&#8220;on|phone&#8220; custom_css_before_phone=&#8220;display:none;&#8220; custom_css_after_last_edited=&#8220;on|tablet&#8220; custom_css_after_phone=&#8220;display:none;&#8220;]<\/p>\n<h1>Arbeiten sie mit uns<\/h1>\n<p>[\/et_pb_text][\/et_pb_column][\/et_pb_row][et_pb_row _builder_version=&#8220;4.16&#8243; _module_preset=&#8220;default&#8220; global_colors_info=&#8220;{}&#8220;][et_pb_column type=&#8220;4_4&#8243; _builder_version=&#8220;4.16&#8243; _module_preset=&#8220;default&#8220; global_colors_info=&#8220;{}&#8220;][et_pb_text _builder_version=&#8220;4.17.4&#8243; _module_preset=&#8220;default&#8220; text_font=&#8220;Poppins|300|||||||&#8220; text_text_color=&#8220;#222221&#8243; text_font_size=&#8220;15px&#8220; background_enable_color=&#8220;off&#8220; text_orientation=&#8220;justified&#8220; custom_margin=&#8220;||||false|false&#8220; custom_padding=&#8220;||||false|false&#8220; border_color_all=&#8220;#5ebbb3&#8243; global_colors_info=&#8220;{}&#8220;]<\/p>\n<p><strong>Global <span style=\"color: #a22c43;\">Spedition <\/span><\/strong>ist ein\u00a0<strong>sehr dynamisches <\/strong>Unternehmen, das durch seine langj\u00e4hrige Zusammenarbeit mit den wichtigsten Produktherstellern und -h\u00e4ndlern \u00fcber ein umfangreiches Wissen im Industrie-, Chemie- und Lebensmittelsektor verf\u00fcgt und eine der <strong>gr\u00f6\u00dften Tankwagenflotten Europas <\/strong>f\u00fcr die Erbringung hochspezialisierter Dienstleistungen besitzt.<\/p>\n<p>[\/et_pb_text][\/et_pb_column][\/et_pb_row][\/et_pb_section][et_pb_section fb_built=&#8220;1&#8243; _builder_version=&#8220;4.16&#8243; _module_preset=&#8220;default&#8220; background_color=&#8220;#FFFFFF&#8220; use_background_color_gradient=&#8220;on&#8220; background_color_gradient_direction=&#8220;173deg&#8220; background_color_gradient_stops=&#8220;rgba(244,244,244,0.85) 0%|rgba(244,244,244,0.85) 100%&#8220; background_color_gradient_overlays_image=&#8220;on&#8220; background_color_gradient_start=&#8220;rgba(244,244,244,0.85)&#8220; background_color_gradient_end=&#8220;rgba(244,244,244,0.85)&#8220; background_enable_image=&#8220;off&#8220; background_size=&#8220;initial&#8220; global_colors_info=&#8220;{}&#8220;][et_pb_row _builder_version=&#8220;4.16&#8243; _module_preset=&#8220;default&#8220; global_colors_info=&#8220;{}&#8220;][et_pb_column type=&#8220;4_4&#8243; _builder_version=&#8220;4.16&#8243; _module_preset=&#8220;default&#8220; global_colors_info=&#8220;{}&#8220;][et_pb_divider show_divider=&#8220;off&#8220; _builder_version=&#8220;4.16&#8243; _module_preset=&#8220;default&#8220; height=&#8220;3em&#8220; global_colors_info=&#8220;{}&#8220;][\/et_pb_divider][et_pb_text _builder_version=&#8220;4.17.4&#8243; _module_preset=&#8220;default&#8220; text_font=&#8220;Poppins|300|||on|||#a22c43|&#8220; text_text_color=&#8220;#222221&#8243; text_font_size=&#8220;15px&#8220; header_3_font=&#8220;Poppins||||||||&#8220; header_3_text_align=&#8220;center&#8220; header_3_text_color=&#8220;#222221&#8243; background_enable_color=&#8220;off&#8220; text_orientation=&#8220;justified&#8220; custom_margin=&#8220;||||false|false&#8220; custom_padding=&#8220;||||false|false&#8220; border_color_all=&#8220;#5ebbb3&#8243; global_colors_info=&#8220;{}&#8220;]<\/p>\n<h3>Formular: Arbeiten Sie mit uns<\/h3>\n<p>[\/et_pb_text][\/et_pb_column][\/et_pb_row][et_pb_row _builder_version=&#8220;4.16&#8243; _module_preset=&#8220;default&#8220; global_colors_info=&#8220;{}&#8220;][et_pb_column type=&#8220;4_4&#8243; _builder_version=&#8220;4.16&#8243; _module_preset=&#8220;default&#8220; global_colors_info=&#8220;{}&#8220;][et_pb_text _builder_version=&#8220;4.17.4&#8243; _module_preset=&#8220;default&#8220; text_font=&#8220;Poppins|300|||||||&#8220; text_text_color=&#8220;#222221&#8243; text_font_size=&#8220;15px&#8220; background_enable_color=&#8220;off&#8220; text_orientation=&#8220;center&#8220; custom_margin=&#8220;||||false|false&#8220; custom_padding=&#8220;||||false|false&#8220; border_color_all=&#8220;#5ebbb3&#8243; global_colors_info=&#8220;{}&#8220;]M\u00f6chten Sie mit uns arbeiten? F\u00fcllen Sie das nachstehende Formular aus und f\u00fcgen Sie Ihren Lebenslauf bei.[\/et_pb_text][\/et_pb_column][\/et_pb_row][et_pb_row _builder_version=&#8220;4.16&#8243; _module_preset=&#8220;default&#8220; global_colors_info=&#8220;{}&#8220;][et_pb_column type=&#8220;4_4&#8243; _builder_version=&#8220;4.16&#8243; _module_preset=&#8220;default&#8220; global_colors_info=&#8220;{}&#8220;][et_pb_code _builder_version=&#8220;4.17.4&#8243; _module_preset=&#8220;default&#8220; global_colors_info=&#8220;{}&#8220;]\n<div class=\"wpcf7 no-js\" id=\"wpcf7-f2304-o1\" lang=\"de-DE\" dir=\"ltr\" data-wpcf7-id=\"2304\">\n<div class=\"screen-reader-response\"><p role=\"status\" aria-live=\"polite\" aria-atomic=\"true\"><\/p> <ul><\/ul><\/div>\n<form action=\"\/de\/wp-json\/wp\/v2\/pages\/2294#wpcf7-f2304-o1\" method=\"post\" class=\"wpcf7-form init wpcf7-acceptance-as-validation\" aria-label=\"Kontaktformular\" enctype=\"multipart\/form-data\" novalidate=\"novalidate\" data-status=\"init\">\n<fieldset class=\"hidden-fields-container\"><input type=\"hidden\" name=\"_wpcf7\" value=\"2304\" \/><input type=\"hidden\" name=\"_wpcf7_version\" value=\"6.1.5\" \/><input type=\"hidden\" name=\"_wpcf7_locale\" value=\"de_DE\" \/><input type=\"hidden\" name=\"_wpcf7_unit_tag\" value=\"wpcf7-f2304-o1\" \/><input type=\"hidden\" name=\"_wpcf7_container_post\" value=\"0\" \/><input type=\"hidden\" name=\"_wpcf7_posted_data_hash\" value=\"\" \/><input type=\"hidden\" name=\"_wpcf7_recaptcha_response\" value=\"\" \/>\n<\/fieldset>\n<div class=\"form-group\">\n\t<p>[honeypot second-name id:second-name class:second-name wrapper-id:second-name-wrap move-inline-css:true nomessage:true \"second-name\"]<span class=\"wpcf7-form-control-wrap\" data-name=\"your-name\"><input size=\"40\" maxlength=\"400\" class=\"wpcf7-form-control wpcf7-text wpcf7-validates-as-required\" aria-required=\"true\" aria-invalid=\"false\" placeholder=\"Vor- und Nachname*\" value=\"\" type=\"text\" name=\"your-name\" \/><\/span>\n\t<\/p>\n<\/div>\n<div class=\"form-group\" style=\"width:49%;margin-right:1%;float:left\">\n\t<p><span class=\"wpcf7-form-control-wrap\" data-name=\"your-phone\"><input size=\"40\" maxlength=\"400\" class=\"wpcf7-form-control wpcf7-tel wpcf7-validates-as-required wpcf7-text wpcf7-validates-as-tel\" aria-required=\"true\" aria-invalid=\"false\" placeholder=\"Telefonnummer*\" value=\"\" type=\"tel\" name=\"your-phone\" \/><\/span>\n\t<\/p>\n<\/div>\n<div class=\"form-group\" style=\"width:49%;margin-right:1%;float:left\">\n\t<p><span class=\"wpcf7-form-control-wrap\" data-name=\"your-email\"><input size=\"40\" maxlength=\"400\" class=\"wpcf7-form-control wpcf7-email wpcf7-validates-as-required wpcf7-text wpcf7-validates-as-email\" aria-required=\"true\" aria-invalid=\"false\" placeholder=\"E-Mail-Adresse*\" value=\"\" type=\"email\" name=\"your-email\" \/><\/span>\n\t<\/p>\n<\/div>\n<div class=\"form-group\">\n\t<p class=\"hech_rsc1\">Auf welche Stelle bewerben Sie sich? *\n\t<\/p>\n\t<p><span class=\"wpcf7-form-control-wrap\" data-name=\"your-puesto\"><select class=\"wpcf7-form-control wpcf7-select wpcf7-validates-as-required\" aria-required=\"true\" aria-invalid=\"false\" name=\"your-puesto\"><option value=\"\">&#8211; Bitte ausw\u00e4hlen &#8211;<\/option><option value=\"B\u00fcro-\/Werkstattstelle\">B\u00fcro-\/Werkstattstelle<\/option><option value=\"Treiber\">Treiber<\/option><\/select><\/span>\n\t<\/p>\n<\/div>\n<div class=\"form-group\">\n\t<p class=\"hech_rsc1\">Basis, an der Sie arbeiten m\u00f6chten *\n\t<\/p>\n\t<p><span class=\"wpcf7-form-control-wrap\" data-name=\"your-base\"><select class=\"wpcf7-form-control wpcf7-select wpcf7-validates-as-required\" aria-required=\"true\" aria-invalid=\"false\" name=\"your-base\"><option value=\"\">&#8211; Bitte ausw\u00e4hlen &#8211;<\/option><option value=\"Constant\u00ed\">Constant\u00ed<\/option><option value=\"Molina de Segura\">Molina de Segura<\/option><option value=\"Valdemoro\">Valdemoro<\/option><option value=\"Zaragoza\">Zaragoza<\/option><\/select><\/span>\n\t<\/p>\n<\/div>\n<div class=\"form-group\">\n\t<p class=\"hech_rsc1\">H\u00e4ngen Sie Ihren Lebenslauf an *\n\t<\/p>\n\t<p><span class=\"wpcf7-form-control-wrap\" data-name=\"vitae1\"><input size=\"40\" class=\"wpcf7-form-control wpcf7-file wpcf7-validates-as-required\" accept=\".jpg,.jpeg,.png,.gif,.pdf,.doc,.docx,.ppt,.pptx,.odt\" aria-required=\"true\" aria-invalid=\"false\" type=\"file\" name=\"vitae1\" \/><\/span>\n\t<\/p>\n<\/div>\n<div class=\"form-group\">\n\t<p><span class=\"wpcf7-form-control-wrap\" data-name=\"your-message\"><textarea cols=\"40\" rows=\"10\" maxlength=\"2000\" class=\"wpcf7-form-control wpcf7-textarea wpcf7-validates-as-required\" aria-required=\"true\" aria-invalid=\"false\" placeholder=\"Gemeldete Fakten*\" name=\"your-message\"><\/textarea><\/span>\n\t<\/p>\n<\/div>\n<p><span class=\"wpcf7-form-control-wrap\" data-name=\"acceptance-342\"><span class=\"wpcf7-form-control wpcf7-acceptance\"><span class=\"wpcf7-list-item\"><label><input type=\"checkbox\" name=\"acceptance-342\" value=\"1\" aria-invalid=\"false\" \/><span class=\"wpcf7-list-item-label\"><span class=\"prote1\"> Ich akzeptiere die Bedingungen der <a href=\"https:\/\/www.globalspedition.com\/de\/rechtshinweise\/\" target=\"_blank\">Rechtshinweise<\/a> und der der  <a href=\"https:\/\/www.globalspedition.com\/de\/datenschutzrichtlinie\/\" target=\"_blank\">Datenschutzrichtlinie.<\/a><\/span><\/span><\/label><\/span><\/span><\/span>\n<\/p>\n<div class=\"form-group\">\n\t<p><input class=\"wpcf7-form-control wpcf7-submit has-spinner btn-color-out\" type=\"submit\" value=\"Senden\" \/>\n\t<\/p>\n<\/div><div class=\"wpcf7-response-output\" aria-hidden=\"true\"><\/div>\n<\/form>\n<\/div>\n[\/et_pb_code][\/et_pb_column][\/et_pb_row][\/et_pb_section]<\/p>\n","protected":false},"excerpt":{"rendered":"<p>Arbeiten sie mit unsGlobal Spedition ist ein\u00a0sehr dynamisches Unternehmen, das durch seine langj\u00e4hrige Zusammenarbeit mit den wichtigsten Produktherstellern und -h\u00e4ndlern \u00fcber ein umfangreiches Wissen im Industrie-, Chemie- und Lebensmittelsektor verf\u00fcgt und eine der gr\u00f6\u00dften Tankwagenflotten Europas f\u00fcr die Erbringung hochspezialisierter Dienstleistungen besitzt.Formular: Arbeiten Sie mit unsM\u00f6chten Sie mit uns arbeiten? F\u00fcllen Sie das nachstehende Formular [&hellip;]<\/p>\n","protected":false},"author":1,"featured_media":0,"parent":0,"menu_order":0,"comment_status":"closed","ping_status":"closed","template":"","meta":{"_et_pb_use_builder":"on","_et_pb_old_content":"","_et_gb_content_width":"","_monsterinsights_skip_tracking":false,"_monsterinsights_sitenote_active":false,"_monsterinsights_sitenote_note":"","_monsterinsights_sitenote_category":0,"footnotes":""},"class_list":["post-2294","page","type-page","status-publish","hentry"],"_links":{"self":[{"href":"https:\/\/www.globalspedition.com\/de\/wp-json\/wp\/v2\/pages\/2294","targetHints":{"allow":["GET"]}}],"collection":[{"href":"https:\/\/www.globalspedition.com\/de\/wp-json\/wp\/v2\/pages"}],"about":[{"href":"https:\/\/www.globalspedition.com\/de\/wp-json\/wp\/v2\/types\/page"}],"author":[{"embeddable":true,"href":"https:\/\/www.globalspedition.com\/de\/wp-json\/wp\/v2\/users\/1"}],"replies":[{"embeddable":true,"href":"https:\/\/www.globalspedition.com\/de\/wp-json\/wp\/v2\/comments?post=2294"}],"version-history":[{"count":5,"href":"https:\/\/www.globalspedition.com\/de\/wp-json\/wp\/v2\/pages\/2294\/revisions"}],"predecessor-version":[{"id":3466,"href":"https:\/\/www.globalspedition.com\/de\/wp-json\/wp\/v2\/pages\/2294\/revisions\/3466"}],"wp:attachment":[{"href":"https:\/\/www.globalspedition.com\/de\/wp-json\/wp\/v2\/media?parent=2294"}],"curies":[{"name":"wp","href":"https:\/\/api.w.org\/{rel}","templated":true}]}}